{"id":53,"date":"2022-03-14T09:30:25","date_gmt":"2022-03-14T08:30:25","guid":{"rendered":"https:\/\/piltz-berends.de\/?page_id=53"},"modified":"2022-03-29T12:16:08","modified_gmt":"2022-03-29T10:16:08","slug":"jobs","status":"publish","type":"page","link":"https:\/\/piltz-berends.de\/index.php\/jobs\/","title":{"rendered":"Jobs"},"content":{"rendered":"<p>Wir planen f\u00fcr \u00f6ffentliche Auftraggeber Kinderg\u00e4rten, Schulen, Dienst- und Unterkunftsgeb\u00e4ude, Sporthallen und weitere Sonderbauten sowie f\u00fcr private Bauherren und Investoren Wohn- und Gesch\u00e4ftsh\u00e4user.<\/p>\n<p>Zur Verst\u00e4rkung unseres Teams suchen wir:<\/p>\n<ul>\n<li><strong>Projektleiter\/in (m\/w\/d)<\/strong> &#8211; f\u00fcr die Lph 1-9<\/li>\n<li><strong>Architekt\/in (m\/w\/d)<\/strong> &#8211; f\u00fcr die Lph 1-5<\/li>\n<li><strong>Bauleiter\/in (m\/w\/d)<\/strong> &#8211; f\u00fcr die Lph 6-9<\/li>\n<li><strong>Bauzeichner\/in (m\/w\/d)<\/strong> &#8211; f\u00fcr die Lph 1-5<\/li>\n<\/ul>\n<p>Als klassisches Architektur- und Ingenieurb\u00fcro sind wir in allen Leistungsphasen f\u00fcr Neubauten und Bestandssanierungen t\u00e4tig. Im Bereich der Planung arbeiten wir in 3D im BIM-System mit Allplan in aktuellster Version, BIM-Easy und alltool.<br \/>\nUnsere Leistungsverzeichnisse werden mit Cailfornia von G+W mit Schnittstelle zum BIM-System erstellt.<\/p>\n<p>Seit vielen Jahren bieten wir j\u00e4hrlich einen<\/p>\n<ul>\n<li><strong>Ausbildungsplatz zum Bauzeichner\/in (m\/w\/d)<\/strong><\/li>\n<\/ul>\n<p>Wir bieten interessante regionale Projekte und einen modernen Arbeitsplatz, flexible Arbeitszeiten, regelm\u00e4\u00dfige Fortbildungsangebote und pers\u00f6nliche Entwicklungsm\u00f6glichkeiten in einem tollen Team!<\/p>\n<p>Nehmen Sie gerne pers\u00f6nlich mit uns Kontakt auf:<\/p>\n<p>R\u00fcdiger Piltz<br \/>\nTel. 0151 &#8211; 64 31 74 80<br \/>\nrpiltz@piltz-berends.de<\/p>\n<p>oder<\/p>\n<p>Frank Berends<br \/>\nTel. 0174 &#8211; 246 65 97<br \/>\nfberends@piltz-berends.de<\/p>\n","protected":false},"excerpt":{"rendered":"<p>Wir planen f\u00fcr \u00f6ffentliche Auftraggeber Kinderg\u00e4rten, Schulen, Dienst- und Unterkunftsgeb\u00e4ude, Sporthallen und weitere Sonderbauten sowie f\u00fcr private Bauherren und Investoren Wohn- und Gesch\u00e4ftsh\u00e4user. Zur Verst\u00e4rkung unseres Teams suchen wir: Projektleiter\/in (m\/w\/d) &#8211; f\u00fcr die Lph 1-9 Architekt\/in (m\/w\/d) &#8211; f\u00fcr die Lph 1-5 Bauleiter\/in (m\/w\/d) &#8211; f\u00fcr die Lph 6-9 Bauzeichner\/in (m\/w\/d) &#8211; f\u00fcr die Lph 1-5 Als klassisches Architektur- und Ingenieurb\u00fcro sind wir in allen Leistungsphasen f\u00fcr Neubauten und Bestandssanierungen t\u00e4tig. Im Bereich der Planung arbeiten wir in 3D [&hellip;]<\/p>\n","protected":false},"author":1,"featured_media":0,"parent":0,"menu_order":0,"comment_status":"closed","ping_status":"closed","template":"","meta":[],"_links":{"self":[{"href":"https:\/\/piltz-berends.de\/index.php\/wp-json\/wp\/v2\/pages\/53"}],"collection":[{"href":"https:\/\/piltz-berends.de\/index.php\/wp-json\/wp\/v2\/pages"}],"about":[{"href":"https:\/\/piltz-berends.de\/index.php\/wp-json\/wp\/v2\/types\/page"}],"author":[{"embeddable":true,"href":"https:\/\/piltz-berends.de\/index.php\/wp-json\/wp\/v2\/users\/1"}],"replies":[{"embeddable":true,"href":"https:\/\/piltz-berends.de\/index.php\/wp-json\/wp\/v2\/comments?post=53"}],"version-history":[{"count":7,"href":"https:\/\/piltz-berends.de\/index.php\/wp-json\/wp\/v2\/pages\/53\/revisions"}],"predecessor-version":[{"id":506,"href":"https:\/\/piltz-berends.de\/index.php\/wp-json\/wp\/v2\/pages\/53\/revisions\/506"}],"wp:attachment":[{"href":"https:\/\/piltz-berends.de\/index.php\/wp-json\/wp\/v2\/media?parent=53"}],"curies":[{"name":"wp","href":"https:\/\/api.w.org\/{rel}","templated":true}]}}